{"id":1763,"date":"2023-07-05T08:59:27","date_gmt":"2023-07-05T08:59:27","guid":{"rendered":"https:\/\/aomibio.com\/control-mediante-confusion-sexual\/"},"modified":"2024-03-20T21:28:11","modified_gmt":"2024-03-20T21:28:11","slug":"controle-par-la-confusion-sexuelle","status":"publish","type":"page","link":"https:\/\/aomibio.com\/fr\/controle-par-la-confusion-sexuelle\/","title":{"rendered":"Controle par la confusion sexuelle"},"content":{"rendered":"\t\t<div data-elementor-type=\"wp-page\" data-elementor-id=\"1763\" class=\"elementor elementor-1763 elementor-1760\" data-elementor-post-type=\"page\">\n\t\t\t\t<div class=\"elementor-element elementor-element-98d6a75 e-con-full e-flex e-con e-parent\" data-id=\"98d6a75\" data-element_type=\"container\" data-core-v316-plus=\"true\">\n\t\t\t\t<div class=\"elementor-element elementor-element-b49f009 elementor-widget elementor-widget-heading\" data-id=\"b49f009\" data-element_type=\"widget\" data-widget_type=\"heading.default\">\n\t\t\t\t<div class=\"elementor-widget-container\">\n\t\t\t<style>\/*! elementor - v3.20.0 - 26-03-2024 *\/\n.elementor-heading-title{padding:0;margin:0;line-height:1}.elementor-widget-heading .elementor-heading-title[class*=elementor-size-]>a{color:inherit;font-size:inherit;line-height:inherit}.elementor-widget-heading .elementor-heading-title.elementor-size-small{font-size:15px}.elementor-widget-heading .elementor-heading-title.elementor-size-medium{font-size:19px}.elementor-widget-heading .elementor-heading-title.elementor-size-large{font-size:29px}.elementor-widget-heading .elementor-heading-title.elementor-size-xl{font-size:39px}.elementor-widget-heading .elementor-heading-title.elementor-size-xxl{font-size:59px}<\/style><h1 class=\"elementor-heading-title elementor-size-default\">Controle par la confusion sexuelle<\/h1>\t\t<\/div>\n\t\t\t\t<\/div>\n\t\t\t\t<div class=\"elementor-element elementor-element-ef2adf8 elementor-widget__width-initial elementor-widget elementor-widget-spacer\" data-id=\"ef2adf8\" data-element_type=\"widget\" data-widget_type=\"spacer.default\">\n\t\t\t\t<div class=\"elementor-widget-container\">\n\t\t\t<style>\/*! elementor - v3.20.0 - 26-03-2024 *\/\n.elementor-column .elementor-spacer-inner{height:var(--spacer-size)}.e-con{--container-widget-width:100%}.e-con-inner>.elementor-widget-spacer,.e-con>.elementor-widget-spacer{width:var(--container-widget-width,var(--spacer-size));--align-self:var(--container-widget-align-self,initial);--flex-shrink:0}.e-con-inner>.elementor-widget-spacer>.elementor-widget-container,.e-con>.elementor-widget-spacer>.elementor-widget-container{height:100%;width:100%}.e-con-inner>.elementor-widget-spacer>.elementor-widget-container>.elementor-spacer,.e-con>.elementor-widget-spacer>.elementor-widget-container>.elementor-spacer{height:100%}.e-con-inner>.elementor-widget-spacer>.elementor-widget-container>.elementor-spacer>.elementor-spacer-inner,.e-con>.elementor-widget-spacer>.elementor-widget-container>.elementor-spacer>.elementor-spacer-inner{height:var(--container-widget-height,var(--spacer-size))}.e-con-inner>.elementor-widget-spacer.elementor-widget-empty,.e-con>.elementor-widget-spacer.elementor-widget-empty{position:relative;min-height:22px;min-width:22px}.e-con-inner>.elementor-widget-spacer.elementor-widget-empty .elementor-widget-empty-icon,.e-con>.elementor-widget-spacer.elementor-widget-empty .elementor-widget-empty-icon{position:absolute;top:0;bottom:0;left:0;right:0;margin:auto;padding:0;width:22px;height:22px}<\/style>\t\t<div class=\"elementor-spacer\">\n\t\t\t<div class=\"elementor-spacer-inner\"><\/div>\n\t\t<\/div>\n\t\t\t\t<\/div>\n\t\t\t\t<\/div>\n\t\t\t\t<div class=\"elementor-element elementor-element-d1fb6d1 elementor-widget elementor-widget-text-editor\" data-id=\"d1fb6d1\" data-element_type=\"widget\" data-widget_type=\"text-editor.default\">\n\t\t\t\t<div class=\"elementor-widget-container\">\n\t\t\t<style>\/*! elementor - v3.20.0 - 26-03-2024 *\/\n.elementor-widget-text-editor.elementor-drop-cap-view-stacked .elementor-drop-cap{background-color:#69727d;color:#fff}.elementor-widget-text-editor.elementor-drop-cap-view-framed .elementor-drop-cap{color:#69727d;border:3px solid;background-color:transparent}.elementor-widget-text-editor:not(.elementor-drop-cap-view-default) .elementor-drop-cap{margin-top:8px}.elementor-widget-text-editor:not(.elementor-drop-cap-view-default) .elementor-drop-cap-letter{width:1em;height:1em}.elementor-widget-text-editor .elementor-drop-cap{float:left;text-align:center;line-height:1;font-size:50px}.elementor-widget-text-editor .elementor-drop-cap-letter{display:inline-block}<\/style>\t\t\t\t<p>La technique de CONFUSION SEXUELLE consiste \u00e0 lib\u00e9rer la ph\u00e9romone sexuelle de l&rsquo;esp\u00e8ce cible, \u00e0 une dose et une vitesse ad\u00e9quates, de sorte que le m\u00e2le est incapable de s&rsquo;orienter pour trouver la femelle. Cette proc\u00e9dure redui consid\u00e9rablement le nombre d&rsquo;accouplements et, par cons\u00e9quent, la population de ravageurs et les d\u00e9g\u00e2ts qu\u2019elle cause.\u00a0<\/p><p>C&rsquo;est une m\u00e9thode de contr\u00f4le tr\u00e8s efficace.<\/p>\t\t\t\t\t\t<\/div>\n\t\t\t\t<\/div>\n\t\t\t\t<\/div>\n\t\t<div class=\"elementor-element elementor-element-d1ba894 e-flex e-con-boxed e-con e-parent\" data-id=\"d1ba894\" data-element_type=\"container\" data-core-v316-plus=\"true\">\n\t\t\t\t\t<div class=\"e-con-inner\">\n\t\t\t\t<div class=\"elementor-element elementor-element-8ac3f33 elementor-widget elementor-widget-jet-listing-grid\" data-id=\"8ac3f33\" data-element_type=\"widget\" data-settings=\"{&quot;columns&quot;:3,&quot;columns_tablet&quot;:&quot;2&quot;,&quot;columns_mobile&quot;:&quot;1&quot;}\" data-widget_type=\"jet-listing-grid.default\">\n\t\t\t\t<div class=\"elementor-widget-container\">\n\t\t\t<div class=\"jet-listing-grid jet-listing\"><div class=\"jet-listing-grid__items grid-col-desk-3 grid-col-tablet-2 grid-col-mobile-1 jet-listing-grid--3006\" data-queried-id=\"1763|WP_Post\" data-nav=\"{&quot;enabled&quot;:false,&quot;type&quot;:null,&quot;more_el&quot;:null,&quot;query&quot;:[],&quot;widget_settings&quot;:{&quot;lisitng_id&quot;:3006,&quot;posts_num&quot;:999,&quot;columns&quot;:3,&quot;columns_tablet&quot;:2,&quot;columns_mobile&quot;:1,&quot;is_archive_template&quot;:&quot;&quot;,&quot;post_status&quot;:[&quot;publish&quot;],&quot;use_random_posts_num&quot;:&quot;&quot;,&quot;max_posts_num&quot;:9,&quot;not_found_message&quot;:&quot;No data was found&quot;,&quot;is_masonry&quot;:false,&quot;equal_columns_height&quot;:&quot;&quot;,&quot;use_load_more&quot;:&quot;&quot;,&quot;load_more_id&quot;:&quot;&quot;,&quot;load_more_type&quot;:&quot;click&quot;,&quot;load_more_offset&quot;:{&quot;unit&quot;:&quot;px&quot;,&quot;size&quot;:0,&quot;sizes&quot;:[]},&quot;use_custom_post_types&quot;:&quot;&quot;,&quot;custom_post_types&quot;:[],&quot;hide_widget_if&quot;:&quot;&quot;,&quot;carousel_enabled&quot;:&quot;&quot;,&quot;slides_to_scroll&quot;:&quot;1&quot;,&quot;arrows&quot;:&quot;true&quot;,&quot;arrow_icon&quot;:&quot;fa fa-angle-left&quot;,&quot;dots&quot;:&quot;&quot;,&quot;autoplay&quot;:&quot;true&quot;,&quot;pause_on_hover&quot;:&quot;true&quot;,&quot;autoplay_speed&quot;:5000,&quot;infinite&quot;:&quot;true&quot;,&quot;center_mode&quot;:&quot;&quot;,&quot;effect&quot;:&quot;slide&quot;,&quot;speed&quot;:500,&quot;inject_alternative_items&quot;:&quot;&quot;,&quot;injection_items&quot;:[],&quot;scroll_slider_enabled&quot;:&quot;&quot;,&quot;scroll_slider_on&quot;:[&quot;desktop&quot;,&quot;tablet&quot;,&quot;mobile&quot;],&quot;custom_query&quot;:false,&quot;custom_query_id&quot;:&quot;&quot;,&quot;_element_id&quot;:&quot;&quot;}}\" data-page=\"1\" data-pages=\"1\" data-listing-source=\"posts\" data-listing-id=\"3006\" data-query-id=\"\"><div class=\"jet-listing-grid__item jet-listing-dynamic-post-3729\" data-post-id=\"3729\" >\t\t<div data-elementor-type=\"jet-listing-items\" data-elementor-id=\"3006\" class=\"elementor elementor-3006 elementor-1322\" data-elementor-post-type=\"jet-engine\">\n\t\t\t\t<a class=\"elementor-element elementor-element-c7971c0 e-flex e-con-boxed e-con e-parent\" data-id=\"c7971c0\" data-element_type=\"container\" data-core-v316-plus=\"true\" href=\"https:\/\/aomibio.com\/fr\/productos\/aomate-prays-citri\/\">\n\t\t\t\t\t<div class=\"e-con-inner\">\n\t\t<div class=\"elementor-element elementor-element-6de4f67 e-con-full e-flex e-con e-child\" data-id=\"6de4f67\" data-element_type=\"container\">\n\t\t\t\t<div class=\"elementor-element elementor-element-aeae6e2 elementor-widget elementor-widget-image\" data-id=\"aeae6e2\" data-element_type=\"widget\" data-widget_type=\"image.default\">\n\t\t\t\t<div class=\"elementor-widget-container\">\n\t\t\t<style>\/*! elementor - v3.20.0 - 26-03-2024 *\/\n.elementor-widget-image{text-align:center}.elementor-widget-image a{display:inline-block}.elementor-widget-image a img[src$=\".svg\"]{width:48px}.elementor-widget-image img{vertical-align:middle;display:inline-block}<\/style>\t\t\t\t\t\t\t\t\t\t<img fetchpriority=\"high\" decoding=\"async\" width=\"400\" height=\"400\" src=\"https:\/\/aomibio.com\/wp-content\/uploads\/2023\/06\/Aomate_limon-e1687421863867.jpg\" class=\"attachment-full size-full wp-image-1432\" alt=\"\" srcset=\"https:\/\/aomibio.com\/wp-content\/uploads\/2023\/06\/Aomate_limon-e1687421863867.jpg 400w, https:\/\/aomibio.com\/wp-content\/uploads\/2023\/06\/Aomate_limon-e1687421863867-300x300.jpg 300w, https:\/\/aomibio.com\/wp-content\/uploads\/2023\/06\/Aomate_limon-e1687421863867-150x150.jpg 150w\" sizes=\"(max-width: 400px) 100vw, 400px\" \/>\t\t\t\t\t\t\t\t\t\t\t\t\t<\/div>\n\t\t\t\t<\/div>\n\t\t\t\t<\/div>\n\t\t<div class=\"elementor-element elementor-element-b618aa3 e-con-full e-flex e-con e-child\" data-id=\"b618aa3\" data-element_type=\"container\">\n\t\t\t\t<div class=\"elementor-element elementor-element-d988c9a elementor-widget elementor-widget-jet-listing-dynamic-field\" data-id=\"d988c9a\" data-element_type=\"widget\" data-widget_type=\"jet-listing-dynamic-field.default\">\n\t\t\t\t<div class=\"elementor-widget-container\">\n\t\t\t<div class=\"jet-listing jet-listing-dynamic-field display-inline\"><div class=\"jet-listing-dynamic-field__inline-wrap\"><div class=\"jet-listing-dynamic-field__content\"><i>Prays citri<\/i><\/div><\/div><\/div>\t\t<\/div>\n\t\t\t\t<\/div>\n\t\t\t\t<div class=\"elementor-element elementor-element-a9ec23b elementor-widget elementor-widget-jet-listing-dynamic-field\" data-id=\"a9ec23b\" data-element_type=\"widget\" data-widget_type=\"jet-listing-dynamic-field.default\">\n\t\t\t\t<div class=\"elementor-widget-container\">\n\t\t\t<div class=\"jet-listing jet-listing-dynamic-field display-inline\"><div class=\"jet-listing-dynamic-field__inline-wrap\"><div class=\"jet-listing-dynamic-field__content\">Contr\u00f4le par la confusion sexuelle de la <b>teigne du citronnier<\/b> <i>Prays citri<\/i><\/div><\/div><\/div>\t\t<\/div>\n\t\t\t\t<\/div>\n\t\t\t\t<\/div>\n\t\t\t\t\t<\/div>\n\t\t\t\t<\/a>\n\t\t\t\t<\/div>\n\t\t<\/div><div class=\"jet-listing-grid__item jet-listing-dynamic-post-3708\" data-post-id=\"3708\" >\t\t<div data-elementor-type=\"jet-listing-items\" data-elementor-id=\"3006\" class=\"elementor elementor-3006 elementor-1322\" data-elementor-post-type=\"jet-engine\">\n\t\t\t\t<a class=\"elementor-element elementor-element-c7971c0 e-flex e-con-boxed e-con e-parent\" data-id=\"c7971c0\" data-element_type=\"container\" data-core-v316-plus=\"true\" href=\"https:\/\/aomibio.com\/fr\/productos\/aomate-prays-oleae\/\">\n\t\t\t\t\t<div class=\"e-con-inner\">\n\t\t<div class=\"elementor-element elementor-element-6de4f67 e-con-full e-flex e-con e-child\" data-id=\"6de4f67\" data-element_type=\"container\">\n\t\t\t\t<div class=\"elementor-element elementor-element-aeae6e2 elementor-widget elementor-widget-image\" data-id=\"aeae6e2\" data-element_type=\"widget\" data-widget_type=\"image.default\">\n\t\t\t\t<div class=\"elementor-widget-container\">\n\t\t\t\t\t\t\t\t\t\t\t\t\t<img decoding=\"async\" width=\"400\" height=\"400\" src=\"https:\/\/aomibio.com\/wp-content\/uploads\/2023\/06\/Aomate_olivo.jpg\" class=\"attachment-full size-full wp-image-1465\" alt=\"\" srcset=\"https:\/\/aomibio.com\/wp-content\/uploads\/2023\/06\/Aomate_olivo.jpg 400w, https:\/\/aomibio.com\/wp-content\/uploads\/2023\/06\/Aomate_olivo-300x300.jpg 300w, https:\/\/aomibio.com\/wp-content\/uploads\/2023\/06\/Aomate_olivo-150x150.jpg 150w\" sizes=\"(max-width: 400px) 100vw, 400px\" \/>\t\t\t\t\t\t\t\t\t\t\t\t\t<\/div>\n\t\t\t\t<\/div>\n\t\t\t\t<\/div>\n\t\t<div class=\"elementor-element elementor-element-b618aa3 e-con-full e-flex e-con e-child\" data-id=\"b618aa3\" data-element_type=\"container\">\n\t\t\t\t<div class=\"elementor-element elementor-element-d988c9a elementor-widget elementor-widget-jet-listing-dynamic-field\" data-id=\"d988c9a\" data-element_type=\"widget\" data-widget_type=\"jet-listing-dynamic-field.default\">\n\t\t\t\t<div class=\"elementor-widget-container\">\n\t\t\t<div class=\"jet-listing jet-listing-dynamic-field display-inline\"><div class=\"jet-listing-dynamic-field__inline-wrap\"><div class=\"jet-listing-dynamic-field__content\"><i>Prays oleae<\/i><\/div><\/div><\/div>\t\t<\/div>\n\t\t\t\t<\/div>\n\t\t\t\t<div class=\"elementor-element elementor-element-a9ec23b elementor-widget elementor-widget-jet-listing-dynamic-field\" data-id=\"a9ec23b\" data-element_type=\"widget\" data-widget_type=\"jet-listing-dynamic-field.default\">\n\t\t\t\t<div class=\"elementor-widget-container\">\n\t\t\t<div class=\"jet-listing jet-listing-dynamic-field display-inline\"><div class=\"jet-listing-dynamic-field__inline-wrap\"><div class=\"jet-listing-dynamic-field__content\">Contr\u00f4le par la confusion sexuelle de la <b>teigne de l\u00f2livier<\/b> <i>Prays oleae<\/i><\/div><\/div><\/div>\t\t<\/div>\n\t\t\t\t<\/div>\n\t\t\t\t<\/div>\n\t\t\t\t\t<\/div>\n\t\t\t\t<\/a>\n\t\t\t\t<\/div>\n\t\t<\/div><\/div><\/div>\t\t<\/div>\n\t\t\t\t<\/div>\n\t\t\t\t\t<\/div>\n\t\t\t\t<\/div>\n\t\t\t\t<\/div>\n\t\t","protected":false},"excerpt":{"rendered":"<p>Controle par la confusion sexuelle La technique de CONFUSION SEXUELLE consiste \u00e0 lib\u00e9rer la ph\u00e9romone sexuelle de l&rsquo;esp\u00e8ce cible, \u00e0 une dose et une vitesse ad\u00e9quates, de sorte que le m\u00e2le est incapable de s&rsquo;orienter pour trouver la femelle. Cette proc\u00e9dure redui consid\u00e9rablement le nombre d&rsquo;accouplements et, par cons\u00e9quent, la population de ravageurs et les [&hellip;]<\/p>\n","protected":false},"author":1,"featured_media":0,"parent":0,"menu_order":4,"comment_status":"closed","ping_status":"closed","template":"","meta":{"footnotes":""},"class_list":["post-1763","page","type-page","status-publish","hentry"],"_links":{"self":[{"href":"https:\/\/aomibio.com\/fr\/wp-json\/wp\/v2\/pages\/1763","targetHints":{"allow":["GET"]}}],"collection":[{"href":"https:\/\/aomibio.com\/fr\/wp-json\/wp\/v2\/pages"}],"about":[{"href":"https:\/\/aomibio.com\/fr\/wp-json\/wp\/v2\/types\/page"}],"author":[{"embeddable":true,"href":"https:\/\/aomibio.com\/fr\/wp-json\/wp\/v2\/users\/1"}],"replies":[{"embeddable":true,"href":"https:\/\/aomibio.com\/fr\/wp-json\/wp\/v2\/comments?post=1763"}],"version-history":[{"count":45,"href":"https:\/\/aomibio.com\/fr\/wp-json\/wp\/v2\/pages\/1763\/revisions"}],"predecessor-version":[{"id":3745,"href":"https:\/\/aomibio.com\/fr\/wp-json\/wp\/v2\/pages\/1763\/revisions\/3745"}],"wp:attachment":[{"href":"https:\/\/aomibio.com\/fr\/wp-json\/wp\/v2\/media?parent=1763"}],"curies":[{"name":"wp","href":"https:\/\/api.w.org\/{rel}","templated":true}]}}