{"id":3820,"date":"2025-10-30T09:43:19","date_gmt":"2025-10-30T09:43:19","guid":{"rendered":"https:\/\/aomibio.com\/politica-de-calidad\/"},"modified":"2025-11-09T09:52:49","modified_gmt":"2025-11-09T09:52:49","slug":"politique-de-qualite","status":"publish","type":"page","link":"https:\/\/aomibio.com\/fr\/politique-de-qualite\/","title":{"rendered":"Politique de qualit\u00e9"},"content":{"rendered":"\t\t<div data-elementor-type=\"wp-page\" data-elementor-id=\"3820\" class=\"elementor elementor-3820 elementor-3814\" data-elementor-post-type=\"page\">\n\t\t\t\t<div class=\"elementor-element elementor-element-f2b4728 e-con-full e-flex e-con e-parent\" data-id=\"f2b4728\" data-element_type=\"container\" data-core-v316-plus=\"true\">\n\t\t\t\t<div class=\"elementor-element elementor-element-970929a elementor-widget elementor-widget-heading\" data-id=\"970929a\" data-element_type=\"widget\" data-widget_type=\"heading.default\">\n\t\t\t\t<div class=\"elementor-widget-container\">\n\t\t\t<style>\/*! elementor - v3.20.0 - 26-03-2024 *\/\n.elementor-heading-title{padding:0;margin:0;line-height:1}.elementor-widget-heading .elementor-heading-title[class*=elementor-size-]>a{color:inherit;font-size:inherit;line-height:inherit}.elementor-widget-heading .elementor-heading-title.elementor-size-small{font-size:15px}.elementor-widget-heading .elementor-heading-title.elementor-size-medium{font-size:19px}.elementor-widget-heading .elementor-heading-title.elementor-size-large{font-size:29px}.elementor-widget-heading .elementor-heading-title.elementor-size-xl{font-size:39px}.elementor-widget-heading .elementor-heading-title.elementor-size-xxl{font-size:59px}<\/style><h2 class=\"elementor-heading-title elementor-size-default\">Politique de qualit\u00e9<\/h2>\t\t<\/div>\n\t\t\t\t<\/div>\n\t\t\t\t<div class=\"elementor-element elementor-element-5d9f1b3 elementor-widget__width-initial elementor-widget elementor-widget-spacer\" data-id=\"5d9f1b3\" data-element_type=\"widget\" data-widget_type=\"spacer.default\">\n\t\t\t\t<div class=\"elementor-widget-container\">\n\t\t\t<style>\/*! elementor - v3.20.0 - 26-03-2024 *\/\n.elementor-column .elementor-spacer-inner{height:var(--spacer-size)}.e-con{--container-widget-width:100%}.e-con-inner>.elementor-widget-spacer,.e-con>.elementor-widget-spacer{width:var(--container-widget-width,var(--spacer-size));--align-self:var(--container-widget-align-self,initial);--flex-shrink:0}.e-con-inner>.elementor-widget-spacer>.elementor-widget-container,.e-con>.elementor-widget-spacer>.elementor-widget-container{height:100%;width:100%}.e-con-inner>.elementor-widget-spacer>.elementor-widget-container>.elementor-spacer,.e-con>.elementor-widget-spacer>.elementor-widget-container>.elementor-spacer{height:100%}.e-con-inner>.elementor-widget-spacer>.elementor-widget-container>.elementor-spacer>.elementor-spacer-inner,.e-con>.elementor-widget-spacer>.elementor-widget-container>.elementor-spacer>.elementor-spacer-inner{height:var(--container-widget-height,var(--spacer-size))}.e-con-inner>.elementor-widget-spacer.elementor-widget-empty,.e-con>.elementor-widget-spacer.elementor-widget-empty{position:relative;min-height:22px;min-width:22px}.e-con-inner>.elementor-widget-spacer.elementor-widget-empty .elementor-widget-empty-icon,.e-con>.elementor-widget-spacer.elementor-widget-empty .elementor-widget-empty-icon{position:absolute;top:0;bottom:0;left:0;right:0;margin:auto;padding:0;width:22px;height:22px}<\/style>\t\t<div class=\"elementor-spacer\">\n\t\t\t<div class=\"elementor-spacer-inner\"><\/div>\n\t\t<\/div>\n\t\t\t\t<\/div>\n\t\t\t\t<\/div>\n\t\t\t\t<div class=\"elementor-element elementor-element-34673c6 elementor-widget elementor-widget-text-editor\" data-id=\"34673c6\" data-element_type=\"widget\" data-widget_type=\"text-editor.default\">\n\t\t\t\t<div class=\"elementor-widget-container\">\n\t\t\t<style>\/*! elementor - v3.20.0 - 26-03-2024 *\/\n.elementor-widget-text-editor.elementor-drop-cap-view-stacked .elementor-drop-cap{background-color:#69727d;color:#fff}.elementor-widget-text-editor.elementor-drop-cap-view-framed .elementor-drop-cap{color:#69727d;border:3px solid;background-color:transparent}.elementor-widget-text-editor:not(.elementor-drop-cap-view-default) .elementor-drop-cap{margin-top:8px}.elementor-widget-text-editor:not(.elementor-drop-cap-view-default) .elementor-drop-cap-letter{width:1em;height:1em}.elementor-widget-text-editor .elementor-drop-cap{float:left;text-align:center;line-height:1;font-size:50px}.elementor-widget-text-editor .elementor-drop-cap-letter{display:inline-block}<\/style>\t\t\t\t<p>En <strong>AO MIDORI BIOCONTROL<\/strong>, nous concentrons notre activit\u00e9 sur le d\u00e9veloppement, la fabrication et la commercialisation de ph\u00e9romones, d\u2019attractifs et de produits pour la gestion int\u00e9gr\u00e9e des ravageurs, destin\u00e9s \u00e0 nos clients du secteur agricole, conform\u00e9ment \u00e0 notre devise \u00ab Pour une agriculture durable et efficace \u00bb. Nous atteignons cet engagement gr\u00e2ce aux fondements strat\u00e9giques suivants :<\/p><p><strong>INNOVATION<\/strong> : en identifiant les besoins de nos clients et du secteur, en proposant des d\u00e9veloppements et des solutions techniques, et en \u00e9largissant notre gamme de produits et de solutions innovants et respectueux de l\u2019environnement.<\/p><p><strong>QUALIT\u00c9<\/strong> : en respectant les normes internes de qualit\u00e9 et en int\u00e9grant les exigences techniques et l\u00e9gales applicables, en garantissant la s\u00e9curit\u00e9 et en maintenant notre engagement envers l\u2019agriculture biologique et la durabilit\u00e9.<\/p><p><strong>SATISFACTION DES CLIENTS<\/strong> : en favorisant la satisfaction de nos clients, tant par la qualit\u00e9 de nos produits que par la performance de l\u2019organisation \u00e0 r\u00e9pondre \u00e0 leurs besoins et \u00e0 satisfaire leurs exigences.<\/p><p><strong>ENGAGEMENT<\/strong> : tout le personnel d\u2019AO MIDORI est impliqu\u00e9 et participe activement au d\u00e9veloppement des objectifs de l\u2019entreprise et \u00e0 l\u2019am\u00e9lioration continue. La collaboration de chacun est essentielle pour contribuer \u00e0 notre r\u00e9ussite commune et \u00e0 celle des parties prenantes.<\/p><p><strong>AM\u00c9LIORATION CONTINUE<\/strong> : \u00e0 travers l\u2019am\u00e9lioration et l\u2019optimisation de nos produits et de nos processus, afin d\u2019atteindre les plus hauts standards du march\u00e9 en mati\u00e8re de qualit\u00e9 et de performance.<\/p><p>\u00c0 Sant Lloren\u00e7 d\u2019Hortons, le 5 novembre 2025<\/p><p>V\u00edctor Notivol<br \/>ADMINISTRATEUR\u2013G\u00c9RANT<\/p>\t\t\t\t\t\t<\/div>\n\t\t\t\t<\/div>\n\t\t\t\t<\/div>\n\t\t\t\t<\/div>\n\t\t","protected":false},"excerpt":{"rendered":"<p>Politique de qualit\u00e9 En AO MIDORI BIOCONTROL, nous concentrons notre activit\u00e9 sur le d\u00e9veloppement, la fabrication et la commercialisation de ph\u00e9romones, d\u2019attractifs et de produits pour la gestion int\u00e9gr\u00e9e des ravageurs, destin\u00e9s \u00e0 nos clients du secteur agricole, conform\u00e9ment \u00e0 notre devise \u00ab Pour une agriculture durable et efficace \u00bb. Nous atteignons cet engagement gr\u00e2ce [&hellip;]<\/p>\n","protected":false},"author":1,"featured_media":0,"parent":0,"menu_order":0,"comment_status":"closed","ping_status":"closed","template":"","meta":{"footnotes":""},"class_list":["post-3820","page","type-page","status-publish","hentry"],"_links":{"self":[{"href":"https:\/\/aomibio.com\/fr\/wp-json\/wp\/v2\/pages\/3820","targetHints":{"allow":["GET"]}}],"collection":[{"href":"https:\/\/aomibio.com\/fr\/wp-json\/wp\/v2\/pages"}],"about":[{"href":"https:\/\/aomibio.com\/fr\/wp-json\/wp\/v2\/types\/page"}],"author":[{"embeddable":true,"href":"https:\/\/aomibio.com\/fr\/wp-json\/wp\/v2\/users\/1"}],"replies":[{"embeddable":true,"href":"https:\/\/aomibio.com\/fr\/wp-json\/wp\/v2\/comments?post=3820"}],"version-history":[{"count":11,"href":"https:\/\/aomibio.com\/fr\/wp-json\/wp\/v2\/pages\/3820\/revisions"}],"predecessor-version":[{"id":3853,"href":"https:\/\/aomibio.com\/fr\/wp-json\/wp\/v2\/pages\/3820\/revisions\/3853"}],"wp:attachment":[{"href":"https:\/\/aomibio.com\/fr\/wp-json\/wp\/v2\/media?parent=3820"}],"curies":[{"name":"wp","href":"https:\/\/api.w.org\/{rel}","templated":true}]}}